{"id":50,"date":"2021-04-14T09:57:27","date_gmt":"2021-04-14T07:57:27","guid":{"rendered":"http:\/\/lecarrefour-restaurant.fr\/?page_id=50"},"modified":"2021-08-03T17:59:21","modified_gmt":"2021-08-03T15:59:21","slug":"la-carte-et-le-menu-du-restaurant-le-carrefour-a-courbevoie","status":"publish","type":"page","link":"https:\/\/lecarrefour-restaurant.fr\/?page_id=50","title":{"rendered":"La Carte"},"content":{"rendered":"\n<h4 class=\"has-text-align-center has-accent-color has-text-color\">Une cuisine fa\u00eete maison, simple et r\u00e9confortante, toujours d\u00e9licieuse. On est (presque) comme chez Maman!<\/h4>\n\n\n\n<p>(La carte est pr\u00e9sent\u00e9e seulement \u00e0 titre indicatif et sujette \u00e0 changement)<\/p>\n\n\n\n<figure class=\"wp-block-image size-large is-style-default\"><img loading=\"lazy\" width=\"791\" height=\"1024\" src=\"http:\/\/lecarrefour-restaurant.fr\/wp-content\/uploads\/2021\/08\/La-Carte-791x1024.png\" alt=\"\" class=\"wp-image-348\" srcset=\"https:\/\/lecarrefour-restaurant.fr\/wp-content\/uploads\/2021\/08\/La-Carte-791x1024.png 791w, https:\/\/lecarrefour-restaurant.fr\/wp-content\/uploads\/2021\/08\/La-Carte-232x300.png 232w, https:\/\/lecarrefour-restaurant.fr\/wp-content\/uploads\/2021\/08\/La-Carte-768x994.png 768w, https:\/\/lecarrefour-restaurant.fr\/wp-content\/uploads\/2021\/08\/La-Carte-1187x1536.png 1187w, https:\/\/lecarrefour-restaurant.fr\/wp-content\/uploads\/2021\/08\/La-Carte-1200x1553.png 1200w, https:\/\/lecarrefour-restaurant.fr\/wp-content\/uploads\/2021\/08\/La-Carte.png 1545w\" sizes=\"(max-width: 791px) 100vw, 791px\" \/><\/figure>\n\n\n\n<figure class=\"wp-block-image size-large is-style-default\"><img loading=\"lazy\" width=\"791\" height=\"1024\" src=\"http:\/\/lecarrefour-restaurant.fr\/wp-content\/uploads\/2021\/04\/Carte-des-vins-2-791x1024.png\" alt=\"\" class=\"wp-image-177\" srcset=\"https:\/\/lecarrefour-restaurant.fr\/wp-content\/uploads\/2021\/04\/Carte-des-vins-2-791x1024.png 791w, https:\/\/lecarrefour-restaurant.fr\/wp-content\/uploads\/2021\/04\/Carte-des-vins-2-232x300.png 232w, https:\/\/lecarrefour-restaurant.fr\/wp-content\/uploads\/2021\/04\/Carte-des-vins-2-768x994.png 768w, https:\/\/lecarrefour-restaurant.fr\/wp-content\/uploads\/2021\/04\/Carte-des-vins-2-1187x1536.png 1187w, https:\/\/lecarrefour-restaurant.fr\/wp-content\/uploads\/2021\/04\/Carte-des-vins-2-1200x1553.png 1200w, https:\/\/lecarrefour-restaurant.fr\/wp-content\/uploads\/2021\/04\/Carte-des-vins-2.png 1545w\" sizes=\"(max-width: 791px) 100vw, 791px\" \/><\/figure>\n\n\n\n<figure class=\"wp-block-image size-large is-style-default\"><img loading=\"lazy\" width=\"791\" height=\"1024\" src=\"http:\/\/lecarrefour-restaurant.fr\/wp-content\/uploads\/2021\/08\/Tarifs-boissons-791x1024.png\" alt=\"\" class=\"wp-image-350\" srcset=\"https:\/\/lecarrefour-restaurant.fr\/wp-content\/uploads\/2021\/08\/Tarifs-boissons-791x1024.png 791w, https:\/\/lecarrefour-restaurant.fr\/wp-content\/uploads\/2021\/08\/Tarifs-boissons-232x300.png 232w, https:\/\/lecarrefour-restaurant.fr\/wp-content\/uploads\/2021\/08\/Tarifs-boissons-768x994.png 768w, https:\/\/lecarrefour-restaurant.fr\/wp-content\/uploads\/2021\/08\/Tarifs-boissons-1187x1536.png 1187w, https:\/\/lecarrefour-restaurant.fr\/wp-content\/uploads\/2021\/08\/Tarifs-boissons-1200x1553.png 1200w, https:\/\/lecarrefour-restaurant.fr\/wp-content\/uploads\/2021\/08\/Tarifs-boissons.png 1545w\" sizes=\"(max-width: 791px) 100vw, 791px\" \/><\/figure>\n","protected":false},"excerpt":{"rendered":"<p>Une cuisine fa\u00eete maison, simple et r\u00e9confortante, toujours d\u00e9licieuse. On est (presque) comme chez Maman! (La carte est pr\u00e9sent\u00e9e seulement \u00e0 titre indicatif et sujette \u00e0 changement)<\/p>\n","protected":false},"author":1,"featured_media":232,"parent":0,"menu_order":0,"comment_status":"closed","ping_status":"closed","template":"templates\/template-cover.php","meta":[],"yoast_head":"<!-- This site is optimized with the Yoast SEO plugin v16.8 - https:\/\/yoast.com\/wordpress\/plugins\/seo\/ -->\n<title>La Carte - Le Carrefour restaurant<\/title>\n<meta name=\"description\" content=\"D\u00e9couvrez la carte des entr\u00e9es, plats et boissons du restaurant le Carrefour. Une carte des vins fournie.\" \/>\n<meta name=\"robots\" content=\"index, follow, max-snippet:-1, max-image-preview:large, max-video-preview:-1\" \/>\n<link rel=\"canonical\" href=\"https:\/\/lecarrefour-restaurant.fr\/?page_id=50\" \/>\n<meta property=\"og:locale\" content=\"en_US\" \/>\n<meta property=\"og:type\" content=\"article\" \/>\n<meta property=\"og:title\" content=\"la carte et le menu du restaurant le Carrefour \u00e0 Courbevoie\" \/>\n<meta property=\"og:description\" content=\"D\u00e9couvrez la carte des entr\u00e9es, plats et boissons du restaurant le Carrefour. Une carte des vins fournie.\" \/>\n<meta property=\"og:url\" content=\"https:\/\/lecarrefour-restaurant.fr\/?page_id=50\" \/>\n<meta property=\"og:site_name\" content=\"Le Carrefour restaurant\" \/>\n<meta property=\"article:modified_time\" content=\"2021-08-03T15:59:21+00:00\" \/>\n<meta property=\"og:image\" content=\"http:\/\/lecarrefour-restaurant.fr\/wp-content\/uploads\/2021\/07\/IMG_6603-scaled.jpg\" \/>\n\t<meta property=\"og:image:width\" content=\"2560\" \/>\n\t<meta property=\"og:image:height\" content=\"2122\" \/>\n<meta name=\"twitter:card\" content=\"summary_large_image\" \/>\n<meta name=\"twitter:label1\" content=\"Est. reading time\" \/>\n\t<meta name=\"twitter:data1\" content=\"1 minute\" \/>\n<script type=\"application\/ld+json\" class=\"yoast-schema-graph\">{\"@context\":\"https:\/\/schema.org\",\"@graph\":[{\"@type\":\"WebSite\",\"@id\":\"https:\/\/lecarrefour-restaurant.fr\/#website\",\"url\":\"https:\/\/lecarrefour-restaurant.fr\/\",\"name\":\"Le Carrefour restaurant\",\"description\":\"91 rue de Colombes - 92400 Courbevoie - 01.40.88.35.84\",\"potentialAction\":[{\"@type\":\"SearchAction\",\"target\":{\"@type\":\"EntryPoint\",\"urlTemplate\":\"https:\/\/lecarrefour-restaurant.fr\/?s={search_term_string}\"},\"query-input\":\"required name=search_term_string\"}],\"inLanguage\":\"en-US\"},{\"@type\":\"ImageObject\",\"@id\":\"https:\/\/lecarrefour-restaurant.fr\/?page_id=50#primaryimage\",\"inLanguage\":\"en-US\",\"url\":\"https:\/\/lecarrefour-restaurant.fr\/wp-content\/uploads\/2021\/07\/IMG_6603-scaled.jpg\",\"contentUrl\":\"https:\/\/lecarrefour-restaurant.fr\/wp-content\/uploads\/2021\/07\/IMG_6603-scaled.jpg\",\"width\":2560,\"height\":2122},{\"@type\":\"WebPage\",\"@id\":\"https:\/\/lecarrefour-restaurant.fr\/?page_id=50#webpage\",\"url\":\"https:\/\/lecarrefour-restaurant.fr\/?page_id=50\",\"name\":\"La Carte - Le Carrefour restaurant\",\"isPartOf\":{\"@id\":\"https:\/\/lecarrefour-restaurant.fr\/#website\"},\"primaryImageOfPage\":{\"@id\":\"https:\/\/lecarrefour-restaurant.fr\/?page_id=50#primaryimage\"},\"datePublished\":\"2021-04-14T07:57:27+00:00\",\"dateModified\":\"2021-08-03T15:59:21+00:00\",\"description\":\"D\\u00e9couvrez la carte des entr\\u00e9es, plats et boissons du restaurant le Carrefour. Une carte des vins fournie.\",\"breadcrumb\":{\"@id\":\"https:\/\/lecarrefour-restaurant.fr\/?page_id=50#breadcrumb\"},\"inLanguage\":\"en-US\",\"potentialAction\":[{\"@type\":\"ReadAction\",\"target\":[\"https:\/\/lecarrefour-restaurant.fr\/?page_id=50\"]}]},{\"@type\":\"BreadcrumbList\",\"@id\":\"https:\/\/lecarrefour-restaurant.fr\/?page_id=50#breadcrumb\",\"itemListElement\":[{\"@type\":\"ListItem\",\"position\":1,\"name\":\"Home\",\"item\":\"https:\/\/lecarrefour-restaurant.fr\/\"},{\"@type\":\"ListItem\",\"position\":2,\"name\":\"La Carte\"}]}]}<\/script>\n<!-- \/ Yoast SEO plugin. -->","yoast_head_json":{"title":"La Carte - Le Carrefour restaurant","description":"D\u00e9couvrez la carte des entr\u00e9es, plats et boissons du restaurant le Carrefour. Une carte des vins fournie.","robots":{"index":"index","follow":"follow","max-snippet":"max-snippet:-1","max-image-preview":"max-image-preview:large","max-video-preview":"max-video-preview:-1"},"canonical":"https:\/\/lecarrefour-restaurant.fr\/?page_id=50","og_locale":"en_US","og_type":"article","og_title":"la carte et le menu du restaurant le Carrefour \u00e0 Courbevoie","og_description":"D\u00e9couvrez la carte des entr\u00e9es, plats et boissons du restaurant le Carrefour. Une carte des vins fournie.","og_url":"https:\/\/lecarrefour-restaurant.fr\/?page_id=50","og_site_name":"Le Carrefour restaurant","article_modified_time":"2021-08-03T15:59:21+00:00","og_image":[{"width":2560,"height":2122,"url":"http:\/\/lecarrefour-restaurant.fr\/wp-content\/uploads\/2021\/07\/IMG_6603-scaled.jpg","path":"\/home\/lecarrq\/www\/wp-content\/uploads\/2021\/07\/IMG_6603-scaled.jpg","size":"full","id":232,"alt":"","pixels":5432320,"type":"image\/jpeg"}],"twitter_card":"summary_large_image","twitter_misc":{"Est. reading time":"1 minute"},"schema":{"@context":"https:\/\/schema.org","@graph":[{"@type":"WebSite","@id":"https:\/\/lecarrefour-restaurant.fr\/#website","url":"https:\/\/lecarrefour-restaurant.fr\/","name":"Le Carrefour restaurant","description":"91 rue de Colombes - 92400 Courbevoie - 01.40.88.35.84","potentialAction":[{"@type":"SearchAction","target":{"@type":"EntryPoint","urlTemplate":"https:\/\/lecarrefour-restaurant.fr\/?s={search_term_string}"},"query-input":"required name=search_term_string"}],"inLanguage":"en-US"},{"@type":"ImageObject","@id":"https:\/\/lecarrefour-restaurant.fr\/?page_id=50#primaryimage","inLanguage":"en-US","url":"https:\/\/lecarrefour-restaurant.fr\/wp-content\/uploads\/2021\/07\/IMG_6603-scaled.jpg","contentUrl":"https:\/\/lecarrefour-restaurant.fr\/wp-content\/uploads\/2021\/07\/IMG_6603-scaled.jpg","width":2560,"height":2122},{"@type":"WebPage","@id":"https:\/\/lecarrefour-restaurant.fr\/?page_id=50#webpage","url":"https:\/\/lecarrefour-restaurant.fr\/?page_id=50","name":"La Carte - Le Carrefour restaurant","isPartOf":{"@id":"https:\/\/lecarrefour-restaurant.fr\/#website"},"primaryImageOfPage":{"@id":"https:\/\/lecarrefour-restaurant.fr\/?page_id=50#primaryimage"},"datePublished":"2021-04-14T07:57:27+00:00","dateModified":"2021-08-03T15:59:21+00:00","description":"D\u00e9couvrez la carte des entr\u00e9es, plats et boissons du restaurant le Carrefour. Une carte des vins fournie.","breadcrumb":{"@id":"https:\/\/lecarrefour-restaurant.fr\/?page_id=50#breadcrumb"},"inLanguage":"en-US","potentialAction":[{"@type":"ReadAction","target":["https:\/\/lecarrefour-restaurant.fr\/?page_id=50"]}]},{"@type":"BreadcrumbList","@id":"https:\/\/lecarrefour-restaurant.fr\/?page_id=50#breadcrumb","itemListElement":[{"@type":"ListItem","position":1,"name":"Home","item":"https:\/\/lecarrefour-restaurant.fr\/"},{"@type":"ListItem","position":2,"name":"La Carte"}]}]}},"_links":{"self":[{"href":"https:\/\/lecarrefour-restaurant.fr\/index.php?rest_route=\/wp\/v2\/pages\/50"}],"collection":[{"href":"https:\/\/lecarrefour-restaurant.fr\/index.php?rest_route=\/wp\/v2\/pages"}],"about":[{"href":"https:\/\/lecarrefour-restaurant.fr\/index.php?rest_route=\/wp\/v2\/types\/page"}],"author":[{"embeddable":true,"href":"https:\/\/lecarrefour-restaurant.fr\/index.php?rest_route=\/wp\/v2\/users\/1"}],"replies":[{"embeddable":true,"href":"https:\/\/lecarrefour-restaurant.fr\/index.php?rest_route=%2Fwp%2Fv2%2Fcomments&post=50"}],"version-history":[{"count":12,"href":"https:\/\/lecarrefour-restaurant.fr\/index.php?rest_route=\/wp\/v2\/pages\/50\/revisions"}],"predecessor-version":[{"id":351,"href":"https:\/\/lecarrefour-restaurant.fr\/index.php?rest_route=\/wp\/v2\/pages\/50\/revisions\/351"}],"wp:featuredmedia":[{"embeddable":true,"href":"https:\/\/lecarrefour-restaurant.fr\/index.php?rest_route=\/wp\/v2\/media\/232"}],"wp:attachment":[{"href":"https:\/\/lecarrefour-restaurant.fr\/index.php?rest_route=%2Fwp%2Fv2%2Fmedia&parent=50"}],"curies":[{"name":"wp","href":"https:\/\/api.w.org\/{rel}","templated":true}]}}