{"id":71,"date":"2021-04-14T11:24:56","date_gmt":"2021-04-14T09:24:56","guid":{"rendered":"http:\/\/lecarrefour-restaurant.fr\/?page_id=71"},"modified":"2021-08-02T11:43:07","modified_gmt":"2021-08-02T09:43:07","slug":"horaires-et-acces-au-carrefour-restaurant","status":"publish","type":"page","link":"https:\/\/lecarrefour-restaurant.fr\/?page_id=71","title":{"rendered":"Horaires &#038; Acc\u00e8s"},"content":{"rendered":"\n<figure class=\"wp-block-image size-large is-style-default\"><img loading=\"lazy\" width=\"1024\" height=\"493\" src=\"http:\/\/lecarrefour-restaurant.fr\/wp-content\/uploads\/2021\/07\/Horaires-ouverture-2-1024x493.png\" alt=\"\" class=\"wp-image-271\" srcset=\"https:\/\/lecarrefour-restaurant.fr\/wp-content\/uploads\/2021\/07\/Horaires-ouverture-2-1024x493.png 1024w, https:\/\/lecarrefour-restaurant.fr\/wp-content\/uploads\/2021\/07\/Horaires-ouverture-2-300x144.png 300w, https:\/\/lecarrefour-restaurant.fr\/wp-content\/uploads\/2021\/07\/Horaires-ouverture-2-768x370.png 768w, https:\/\/lecarrefour-restaurant.fr\/wp-content\/uploads\/2021\/07\/Horaires-ouverture-2-1200x578.png 1200w, https:\/\/lecarrefour-restaurant.fr\/wp-content\/uploads\/2021\/07\/Horaires-ouverture-2.png 1350w\" sizes=\"(max-width: 1024px) 100vw, 1024px\" \/><\/figure>\n\n\n\n<div class=\"wp-block-media-text has-accent-background-color has-background\" style=\"grid-template-columns:36% auto\"><figure class=\"wp-block-media-text__media\"><img loading=\"lazy\" width=\"500\" height=\"500\" src=\"http:\/\/lecarrefour-restaurant.fr\/wp-content\/uploads\/2021\/07\/picto-localisation-1.png\" alt=\"\" class=\"wp-image-297 size-full\" srcset=\"https:\/\/lecarrefour-restaurant.fr\/wp-content\/uploads\/2021\/07\/picto-localisation-1.png 500w, https:\/\/lecarrefour-restaurant.fr\/wp-content\/uploads\/2021\/07\/picto-localisation-1-300x300.png 300w, https:\/\/lecarrefour-restaurant.fr\/wp-content\/uploads\/2021\/07\/picto-localisation-1-150x150.png 150w\" sizes=\"(max-width: 500px) 100vw, 500px\" \/><\/figure><div class=\"wp-block-media-text__content\">\n<p class=\"has-text-align-center has-normal-font-size\">91 Rue de Colombes<\/p>\n\n\n\n<p class=\"has-text-align-center has-normal-font-size\">92400 Courbevoie<\/p>\n\n\n\n<p class=\"has-text-align-center\">FRANCE<\/p>\n<\/div><\/div>\n\n\n\n<div class=\"wp-block-media-text has-accent-background-color has-background\" style=\"grid-template-columns:36% auto\"><figure class=\"wp-block-media-text__media\"><img loading=\"lazy\" width=\"500\" height=\"500\" src=\"http:\/\/lecarrefour-restaurant.fr\/wp-content\/uploads\/2021\/07\/picto-metro-2.png\" alt=\"\" class=\"wp-image-299 size-full\" srcset=\"https:\/\/lecarrefour-restaurant.fr\/wp-content\/uploads\/2021\/07\/picto-metro-2.png 500w, https:\/\/lecarrefour-restaurant.fr\/wp-content\/uploads\/2021\/07\/picto-metro-2-300x300.png 300w, https:\/\/lecarrefour-restaurant.fr\/wp-content\/uploads\/2021\/07\/picto-metro-2-150x150.png 150w\" sizes=\"(max-width: 500px) 100vw, 500px\" \/><\/figure><div class=\"wp-block-media-text__content\">\n<p class=\"has-text-align-center has-normal-font-size\"><strong>M\u00e9tro:<\/strong> La D\u00e9fense &#8211; Grande Arche<\/p>\n\n\n\n<p><strong>Bus:<\/strong> 178 (Arr\u00eat R\u00e9publique &#8211; Colombes), 275 (Stade de Courbevoie), 175 (Mairie de Courbevoie)<\/p>\n<\/div><\/div>\n\n\n\n<div class=\"wp-block-media-text has-accent-background-color has-background\" style=\"grid-template-columns:36% auto\"><figure class=\"wp-block-media-text__media\"><img loading=\"lazy\" width=\"500\" height=\"500\" src=\"http:\/\/lecarrefour-restaurant.fr\/wp-content\/uploads\/2021\/08\/picto-parking.png\" alt=\"\" class=\"wp-image-346 size-full\" srcset=\"https:\/\/lecarrefour-restaurant.fr\/wp-content\/uploads\/2021\/08\/picto-parking.png 500w, https:\/\/lecarrefour-restaurant.fr\/wp-content\/uploads\/2021\/08\/picto-parking-300x300.png 300w, https:\/\/lecarrefour-restaurant.fr\/wp-content\/uploads\/2021\/08\/picto-parking-150x150.png 150w\" sizes=\"(max-width: 500px) 100vw, 500px\" \/><\/figure><div class=\"wp-block-media-text__content\">\n<p class=\"has-text-align-center has-normal-font-size\"><b>P<\/b><strong>arking<\/strong> Jean Blot \u00e0 1 min<\/p>\n<\/div><\/div>\n\n\n\n<p><\/p>\n","protected":false},"excerpt":{"rendered":"<p>91 Rue de Colombes 92400 Courbevoie FRANCE M\u00e9tro: La D\u00e9fense &#8211; Grande Arche Bus: 178 (Arr\u00eat R\u00e9publique &#8211; Colombes), 275 (Stade de Courbevoie), 175 (Mairie de Courbevoie) Parking Jean Blot \u00e0 1 min<\/p>\n","protected":false},"author":1,"featured_media":0,"parent":0,"menu_order":0,"comment_status":"closed","ping_status":"closed","template":"","meta":[],"yoast_head":"<!-- This site is optimized with the Yoast SEO plugin v16.8 - https:\/\/yoast.com\/wordpress\/plugins\/seo\/ -->\n<title>Horaires &amp; Acc\u00e8s - Le Carrefour restaurant<\/title>\n<meta name=\"description\" content=\"D\u00e9couvrez les horaires et le plan d&#039;acc\u00e8s au Carrefour restaurant.\" \/>\n<meta name=\"robots\" content=\"index, follow, max-snippet:-1, max-image-preview:large, max-video-preview:-1\" \/>\n<link rel=\"canonical\" href=\"https:\/\/lecarrefour-restaurant.fr\/?page_id=71\" \/>\n<meta property=\"og:locale\" content=\"en_US\" \/>\n<meta property=\"og:type\" content=\"article\" \/>\n<meta property=\"og:title\" content=\"horaires et acces au Carrefour restaurant\" \/>\n<meta property=\"og:description\" content=\"D\u00e9couvrez les horaires et le plan d&#039;acc\u00e8s au Carrefour restaurant.\" \/>\n<meta property=\"og:url\" content=\"https:\/\/lecarrefour-restaurant.fr\/?page_id=71\" \/>\n<meta property=\"og:site_name\" content=\"Le Carrefour restaurant\" \/>\n<meta property=\"article:modified_time\" content=\"2021-08-02T09:43:07+00:00\" \/>\n<meta property=\"og:image\" content=\"http:\/\/lecarrefour-restaurant.fr\/wp-content\/uploads\/2021\/07\/Horaires-ouverture-2-1024x493.png\" \/>\n<meta name=\"twitter:card\" content=\"summary_large_image\" \/>\n<meta name=\"twitter:label1\" content=\"Est. reading time\" \/>\n\t<meta name=\"twitter:data1\" content=\"1 minute\" \/>\n<script type=\"application\/ld+json\" class=\"yoast-schema-graph\">{\"@context\":\"https:\/\/schema.org\",\"@graph\":[{\"@type\":\"WebSite\",\"@id\":\"https:\/\/lecarrefour-restaurant.fr\/#website\",\"url\":\"https:\/\/lecarrefour-restaurant.fr\/\",\"name\":\"Le Carrefour restaurant\",\"description\":\"91 rue de Colombes - 92400 Courbevoie - 01.40.88.35.84\",\"potentialAction\":[{\"@type\":\"SearchAction\",\"target\":{\"@type\":\"EntryPoint\",\"urlTemplate\":\"https:\/\/lecarrefour-restaurant.fr\/?s={search_term_string}\"},\"query-input\":\"required name=search_term_string\"}],\"inLanguage\":\"en-US\"},{\"@type\":\"ImageObject\",\"@id\":\"https:\/\/lecarrefour-restaurant.fr\/?page_id=71#primaryimage\",\"inLanguage\":\"en-US\",\"url\":\"http:\/\/lecarrefour-restaurant.fr\/wp-content\/uploads\/2021\/07\/Horaires-ouverture-2-1024x493.png\",\"contentUrl\":\"http:\/\/lecarrefour-restaurant.fr\/wp-content\/uploads\/2021\/07\/Horaires-ouverture-2-1024x493.png\"},{\"@type\":\"WebPage\",\"@id\":\"https:\/\/lecarrefour-restaurant.fr\/?page_id=71#webpage\",\"url\":\"https:\/\/lecarrefour-restaurant.fr\/?page_id=71\",\"name\":\"Horaires & Acc\\u00e8s - Le Carrefour restaurant\",\"isPartOf\":{\"@id\":\"https:\/\/lecarrefour-restaurant.fr\/#website\"},\"primaryImageOfPage\":{\"@id\":\"https:\/\/lecarrefour-restaurant.fr\/?page_id=71#primaryimage\"},\"datePublished\":\"2021-04-14T09:24:56+00:00\",\"dateModified\":\"2021-08-02T09:43:07+00:00\",\"description\":\"D\\u00e9couvrez les horaires et le plan d'acc\\u00e8s au Carrefour restaurant.\",\"breadcrumb\":{\"@id\":\"https:\/\/lecarrefour-restaurant.fr\/?page_id=71#breadcrumb\"},\"inLanguage\":\"en-US\",\"potentialAction\":[{\"@type\":\"ReadAction\",\"target\":[\"https:\/\/lecarrefour-restaurant.fr\/?page_id=71\"]}]},{\"@type\":\"BreadcrumbList\",\"@id\":\"https:\/\/lecarrefour-restaurant.fr\/?page_id=71#breadcrumb\",\"itemListElement\":[{\"@type\":\"ListItem\",\"position\":1,\"name\":\"Home\",\"item\":\"https:\/\/lecarrefour-restaurant.fr\/\"},{\"@type\":\"ListItem\",\"position\":2,\"name\":\"Horaires &#038; Acc\\u00e8s\"}]}]}<\/script>\n<!-- \/ Yoast SEO plugin. -->","yoast_head_json":{"title":"Horaires & Acc\u00e8s - Le Carrefour restaurant","description":"D\u00e9couvrez les horaires et le plan d'acc\u00e8s au Carrefour restaurant.","robots":{"index":"index","follow":"follow","max-snippet":"max-snippet:-1","max-image-preview":"max-image-preview:large","max-video-preview":"max-video-preview:-1"},"canonical":"https:\/\/lecarrefour-restaurant.fr\/?page_id=71","og_locale":"en_US","og_type":"article","og_title":"horaires et acces au Carrefour restaurant","og_description":"D\u00e9couvrez les horaires et le plan d'acc\u00e8s au Carrefour restaurant.","og_url":"https:\/\/lecarrefour-restaurant.fr\/?page_id=71","og_site_name":"Le Carrefour restaurant","article_modified_time":"2021-08-02T09:43:07+00:00","og_image":[{"url":"http:\/\/lecarrefour-restaurant.fr\/wp-content\/uploads\/2021\/07\/Horaires-ouverture-2-1024x493.png"}],"twitter_card":"summary_large_image","twitter_misc":{"Est. reading time":"1 minute"},"schema":{"@context":"https:\/\/schema.org","@graph":[{"@type":"WebSite","@id":"https:\/\/lecarrefour-restaurant.fr\/#website","url":"https:\/\/lecarrefour-restaurant.fr\/","name":"Le Carrefour restaurant","description":"91 rue de Colombes - 92400 Courbevoie - 01.40.88.35.84","potentialAction":[{"@type":"SearchAction","target":{"@type":"EntryPoint","urlTemplate":"https:\/\/lecarrefour-restaurant.fr\/?s={search_term_string}"},"query-input":"required name=search_term_string"}],"inLanguage":"en-US"},{"@type":"ImageObject","@id":"https:\/\/lecarrefour-restaurant.fr\/?page_id=71#primaryimage","inLanguage":"en-US","url":"http:\/\/lecarrefour-restaurant.fr\/wp-content\/uploads\/2021\/07\/Horaires-ouverture-2-1024x493.png","contentUrl":"http:\/\/lecarrefour-restaurant.fr\/wp-content\/uploads\/2021\/07\/Horaires-ouverture-2-1024x493.png"},{"@type":"WebPage","@id":"https:\/\/lecarrefour-restaurant.fr\/?page_id=71#webpage","url":"https:\/\/lecarrefour-restaurant.fr\/?page_id=71","name":"Horaires & Acc\u00e8s - Le Carrefour restaurant","isPartOf":{"@id":"https:\/\/lecarrefour-restaurant.fr\/#website"},"primaryImageOfPage":{"@id":"https:\/\/lecarrefour-restaurant.fr\/?page_id=71#primaryimage"},"datePublished":"2021-04-14T09:24:56+00:00","dateModified":"2021-08-02T09:43:07+00:00","description":"D\u00e9couvrez les horaires et le plan d'acc\u00e8s au Carrefour restaurant.","breadcrumb":{"@id":"https:\/\/lecarrefour-restaurant.fr\/?page_id=71#breadcrumb"},"inLanguage":"en-US","potentialAction":[{"@type":"ReadAction","target":["https:\/\/lecarrefour-restaurant.fr\/?page_id=71"]}]},{"@type":"BreadcrumbList","@id":"https:\/\/lecarrefour-restaurant.fr\/?page_id=71#breadcrumb","itemListElement":[{"@type":"ListItem","position":1,"name":"Home","item":"https:\/\/lecarrefour-restaurant.fr\/"},{"@type":"ListItem","position":2,"name":"Horaires &#038; Acc\u00e8s"}]}]}},"_links":{"self":[{"href":"https:\/\/lecarrefour-restaurant.fr\/index.php?rest_route=\/wp\/v2\/pages\/71"}],"collection":[{"href":"https:\/\/lecarrefour-restaurant.fr\/index.php?rest_route=\/wp\/v2\/pages"}],"about":[{"href":"https:\/\/lecarrefour-restaurant.fr\/index.php?rest_route=\/wp\/v2\/types\/page"}],"author":[{"embeddable":true,"href":"https:\/\/lecarrefour-restaurant.fr\/index.php?rest_route=\/wp\/v2\/users\/1"}],"replies":[{"embeddable":true,"href":"https:\/\/lecarrefour-restaurant.fr\/index.php?rest_route=%2Fwp%2Fv2%2Fcomments&post=71"}],"version-history":[{"count":23,"href":"https:\/\/lecarrefour-restaurant.fr\/index.php?rest_route=\/wp\/v2\/pages\/71\/revisions"}],"predecessor-version":[{"id":347,"href":"https:\/\/lecarrefour-restaurant.fr\/index.php?rest_route=\/wp\/v2\/pages\/71\/revisions\/347"}],"wp:attachment":[{"href":"https:\/\/lecarrefour-restaurant.fr\/index.php?rest_route=%2Fwp%2Fv2%2Fmedia&parent=71"}],"curies":[{"name":"wp","href":"https:\/\/api.w.org\/{rel}","templated":true}]}}